{"id":7261,"date":"2023-05-04T01:28:27","date_gmt":"2023-05-04T01:28:27","guid":{"rendered":"https:\/\/bw-medxtore-demo2.bzotech.com\/?page_id=7018"},"modified":"2024-04-28T15:11:53","modified_gmt":"2024-04-28T21:11:53","slug":"saltillo","status":"publish","type":"page","link":"https:\/\/redofarmacias.com\/index.php\/saltillo\/","title":{"rendered":"Monterrey"},"content":{"rendered":"\t\t<div data-elementor-type=\"wp-page\" data-elementor-id=\"7261\" class=\"elementor elementor-7261\" data-elementor-post-type=\"page\">\n\t\t\t\t<div class=\"elementor-element elementor-element-c17760f e-grid e-con-boxed e-con e-parent\" data-id=\"c17760f\" data-element_type=\"container\">\n\t\t\t\t\t<div class=\"e-con-inner\">\n\t\t\t\t<div class=\"elementor-element elementor-element-1f240fc elementor-widget elementor-widget-spacer\" data-id=\"1f240fc\" data-element_type=\"widget\" data-widget_type=\"spacer.default\">\n\t\t\t\t<div class=\"elementor-widget-container\">\n\t\t\t<style>\/*! elementor - v3.23.0 - 25-07-2024 *\/\n.elementor-column .elementor-spacer-inner{height:var(--spacer-size)}.e-con{--container-widget-width:100%}.e-con-inner>.elementor-widget-spacer,.e-con>.elementor-widget-spacer{width:var(--container-widget-width,var(--spacer-size));--align-self:var(--container-widget-align-self,initial);--flex-shrink:0}.e-con-inner>.elementor-widget-spacer>.elementor-widget-container,.e-con>.elementor-widget-spacer>.elementor-widget-container{height:100%;width:100%}.e-con-inner>.elementor-widget-spacer>.elementor-widget-container>.elementor-spacer,.e-con>.elementor-widget-spacer>.elementor-widget-container>.elementor-spacer{height:100%}.e-con-inner>.elementor-widget-spacer>.elementor-widget-container>.elementor-spacer>.elementor-spacer-inner,.e-con>.elementor-widget-spacer>.elementor-widget-container>.elementor-spacer>.elementor-spacer-inner{height:var(--container-widget-height,var(--spacer-size))}.e-con-inner>.elementor-widget-spacer.elementor-widget-empty,.e-con>.elementor-widget-spacer.elementor-widget-empty{position:relative;min-height:22px;min-width:22px}.e-con-inner>.elementor-widget-spacer.elementor-widget-empty .elementor-widget-empty-icon,.e-con>.elementor-widget-spacer.elementor-widget-empty .elementor-widget-empty-icon{position:absolute;top:0;bottom:0;left:0;right:0;margin:auto;padding:0;width:22px;height:22px}<\/style>\t\t<div class=\"elementor-spacer\">\n\t\t\t<div class=\"elementor-spacer-inner\"><\/div>\n\t\t<\/div>\n\t\t\t\t<\/div>\n\t\t\t\t<\/div>\n\t\t\t\t\t<\/div>\n\t\t\t\t<\/div>\n\t\t<div class=\"elementor-element elementor-element-6fe6979 e-grid e-con-boxed e-con e-parent\" data-id=\"6fe6979\" data-element_type=\"container\">\n\t\t\t\t\t<div class=\"e-con-inner\">\n\t\t\t\t\t<\/div>\n\t\t\t\t<\/div>\n\t\t<div class=\"elementor-element elementor-element-5a14d614 e-grid e-con-boxed e-con e-parent\" data-id=\"5a14d614\" data-element_type=\"container\">\n\t\t\t\t\t<div class=\"e-con-inner\">\n\t\t<div class=\"elementor-element elementor-element-23400982 e-con-full e-grid e-con e-child\" data-id=\"23400982\" data-element_type=\"container\">\n\t\t<div class=\"elementor-element elementor-element-14b5e09e e-grid e-con-full e-con e-child\" data-id=\"14b5e09e\" data-element_type=\"container\">\n\t\t\t\t<\/div>\n\t\t\t\t<div class=\"elementor-element elementor-element-373d78c elementor-widget elementor-widget-google_maps\" data-id=\"373d78c\" data-element_type=\"widget\" data-widget_type=\"google_maps.default\">\n\t\t\t\t<div class=\"elementor-widget-container\">\n\t\t\t<style>\/*! elementor - v3.23.0 - 25-07-2024 *\/\n.elementor-widget-google_maps .elementor-widget-container{overflow:hidden}.elementor-widget-google_maps .elementor-custom-embed{line-height:0}.elementor-widget-google_maps iframe{height:300px}<\/style>\t\t<div class=\"elementor-custom-embed\">\n\t\t\t<iframe loading=\"lazy\"\n\t\t\t\t\tsrc=\"https:\/\/maps.google.com\/maps?q=%20Avenida%20Venustiano%20Carranza%20633%20Poniente%2C%20CP%2064000%2C%20Centro%2C%20Monterrey%20Nuevo%20Le%C3%B3n.&#038;t=m&#038;z=16&#038;output=embed&#038;iwloc=near\"\n\t\t\t\t\ttitle=\" Avenida Venustiano Carranza 633 Poniente, CP 64000, Centro, Monterrey Nuevo Le\u00f3n.\"\n\t\t\t\t\taria-label=\" Avenida Venustiano Carranza 633 Poniente, CP 64000, Centro, Monterrey Nuevo Le\u00f3n.\"\n\t\t\t><\/iframe>\n\t\t<\/div>\n\t\t\t\t<\/div>\n\t\t\t\t<\/div>\n\t\t<div class=\"elementor-element elementor-element-11099eb e-con-full e-grid e-con e-child\" data-id=\"11099eb\" data-element_type=\"container\">\n\t\t\t\t<\/div>\n\t\t\t\t<\/div>\n\t\t\t\t\t<\/div>\n\t\t\t\t<\/div>\n\t\t\t\t<\/div>\n\t\t","protected":false},"excerpt":{"rendered":"<p>Send A Message Send A Message &#916; Ubicaci\u00f3n Avenida Venustiano Carranza 633 PB, CP 64000, Centro, Monterrey Nuevo Le\u00f3n. Contacto Tel\u00e9fono: 81 3554 1060 Whatsapp: 81 4197 4685 Email ventas1@redofarmacias.com<\/p>\n","protected":false},"author":1,"featured_media":0,"parent":0,"menu_order":0,"comment_status":"closed","ping_status":"closed","template":"elementor-template.php","meta":{"om_disable_all_campaigns":false,"inline_featured_image":false,"footnotes":""},"class_list":["post-7261","page","type-page","status-publish","hentry"],"aioseo_notices":[],"_links":{"self":[{"href":"https:\/\/redofarmacias.com\/index.php\/wp-json\/wp\/v2\/pages\/7261"}],"collection":[{"href":"https:\/\/redofarmacias.com\/index.php\/wp-json\/wp\/v2\/pages"}],"about":[{"href":"https:\/\/redofarmacias.com\/index.php\/wp-json\/wp\/v2\/types\/page"}],"author":[{"embeddable":true,"href":"https:\/\/redofarmacias.com\/index.php\/wp-json\/wp\/v2\/users\/1"}],"replies":[{"embeddable":true,"href":"https:\/\/redofarmacias.com\/index.php\/wp-json\/wp\/v2\/comments?post=7261"}],"version-history":[{"count":68,"href":"https:\/\/redofarmacias.com\/index.php\/wp-json\/wp\/v2\/pages\/7261\/revisions"}],"predecessor-version":[{"id":7629,"href":"https:\/\/redofarmacias.com\/index.php\/wp-json\/wp\/v2\/pages\/7261\/revisions\/7629"}],"wp:attachment":[{"href":"https:\/\/redofarmacias.com\/index.php\/wp-json\/wp\/v2\/media?parent=7261"}],"curies":[{"name":"wp","href":"https:\/\/api.w.org\/{rel}","templated":true}]}}